{"id":216,"date":"2020-12-17T09:16:41","date_gmt":"2020-12-17T09:16:41","guid":{"rendered":"https:\/\/gaviaspreview.com\/wp\/paroti\/buildings\/"},"modified":"2025-04-16T00:23:48","modified_gmt":"2025-04-16T00:23:48","slug":"voluntarios","status":"publish","type":"page","link":"https:\/\/ntservicios.com\/raices\/index.php\/voluntarios\/","title":{"rendered":"S\u00e9 voluntario"},"content":{"rendered":"\t\t<div data-elementor-type=\"wp-page\" data-elementor-id=\"216\" class=\"elementor elementor-216\">\n\t\t\t\t\t\t<section class=\"elementor-section elementor-top-section elementor-element elementor-element-3be8fcb elementor-section-boxed elementor-section-height-default elementor-section-height-default\" data-id=\"3be8fcb\" data-element_type=\"section\" data-e-type=\"section\" data-settings=\"{&quot;background_background&quot;:&quot;slideshow&quot;,&quot;background_slideshow_gallery&quot;:[{&quot;id&quot;:1203,&quot;url&quot;:&quot;https:\\\/\\\/gaviaspreview.com\\\/wp\\\/paroti\\\/wp-content\\\/uploads\\\/2021\\\/12\\\/bg-9.jpg&quot;},{&quot;id&quot;:1008,&quot;url&quot;:&quot;https:\\\/\\\/gaviaspreview.com\\\/wp\\\/paroti\\\/wp-content\\\/uploads\\\/2021\\\/10\\\/breadcrumb.jpg&quot;}],&quot;background_slideshow_ken_burns&quot;:&quot;yes&quot;,&quot;background_slideshow_loop&quot;:&quot;yes&quot;,&quot;background_slideshow_slide_duration&quot;:5000,&quot;background_slideshow_slide_transition&quot;:&quot;fade&quot;,&quot;background_slideshow_transition_duration&quot;:500,&quot;background_slideshow_ken_burns_zoom_direction&quot;:&quot;in&quot;}\">\n\t\t\t\t\t\t<div class=\"elementor-container elementor-column-gap-default\">\n\t\t\t\t\t<div class=\"elementor-column elementor-col-100 elementor-top-column elementor-element elementor-element-8e0e34f\" data-id=\"8e0e34f\" data-element_type=\"column\" data-e-type=\"column\">\n\t\t\t<div class=\"elementor-widget-wrap elementor-element-populated\">\n\t\t\t\t\t\t<div class=\"elementor-element elementor-element-9b7c4a5 elementor-widget elementor-widget-gva-heading-block\" data-id=\"9b7c4a5\" data-element_type=\"widget\" data-e-type=\"widget\" data-widget_type=\"gva-heading-block.default\">\n\t\t\t\t<div class=\"elementor-widget-container\">\n\t\t\t\t\t<div class=\"gva-element-gva-heading-block gva-element\">   <div class=\"align-left style-1 widget gsc-heading box-align-left auto-responsive\">\r\n      <div class=\"content-inner\">\r\n         \r\n                  \r\n           \r\n         \r\n                     <h2 class=\"title\">\r\n               <span>S\u00e9 voluntario<\/span>\r\n            <\/h2>\r\n                  \r\n                     <div class=\"title-desc\">Tu tiempo y dedicaci\u00f3n generan un cambio tangible en la vida de personas y comunidades que lo necesitan.<\/div>\r\n         \r\n         \r\n      <\/div>\r\n   <\/div>\r\n<\/div>\t\t\t\t<\/div>\n\t\t\t\t<\/div>\n\t\t\t\t\t<\/div>\n\t\t<\/div>\n\t\t\t\t\t<\/div>\n\t\t<\/section>\n\t\t\t\t<section class=\"elementor-section elementor-top-section elementor-element elementor-element-1e86725 elementor-section-boxed elementor-section-height-default elementor-section-height-default\" data-id=\"1e86725\" data-element_type=\"section\" data-e-type=\"section\">\n\t\t\t\t\t\t<div class=\"elementor-container elementor-column-gap-default\">\n\t\t\t\t\t<div class=\"elementor-column elementor-col-100 elementor-top-column elementor-element elementor-element-5b552bd\" data-id=\"5b552bd\" data-element_type=\"column\" data-e-type=\"column\">\n\t\t\t<div class=\"elementor-widget-wrap elementor-element-populated\">\n\t\t\t\t\t\t<div class=\"elementor-element elementor-element-07acdf1 elementor-widget elementor-widget-gva-heading-block\" data-id=\"07acdf1\" data-element_type=\"widget\" data-e-type=\"widget\" data-widget_type=\"gva-heading-block.default\">\n\t\t\t\t<div class=\"elementor-widget-container\">\n\t\t\t\t\t<div class=\"gva-element-gva-heading-block gva-element\">   <div class=\"align-center style-1 widget gsc-heading box-align-left auto-responsive\">\r\n      <div class=\"content-inner\">\r\n         \r\n                  \r\n         <div class=\"sub-title\"><span class=\"tagline\">Listo para ayudar<\/span><\/div>  \r\n         \r\n                     <h2 class=\"title\">\r\n               <span>Unete a nuestro equipo<\/span>\r\n            <\/h2>\r\n                  \r\n         \r\n         \r\n      <\/div>\r\n   <\/div>\r\n<\/div>\t\t\t\t<\/div>\n\t\t\t\t<\/div>\n\t\t\t\t<div class=\"elementor-element elementor-element-908a5e0 elementor-widget elementor-widget-text-editor\" data-id=\"908a5e0\" data-element_type=\"widget\" data-e-type=\"widget\" data-widget_type=\"text-editor.default\">\n\t\t\t\t<div class=\"elementor-widget-container\">\n\t\t\t\t\t\t\t\t\t<p class=\"\" style=\"text-align: justify;\" data-start=\"156\" data-end=\"458\">Ser voluntario es mucho m\u00e1s que dar tu tiempo: es dar tu coraz\u00f3n, tus talentos y tu energ\u00eda para transformar realidades. Es mirar a los ojos a quien m\u00e1s lo necesita y decirle \u201cno est\u00e1s solo\u201d. En nuestra asociaci\u00f3n, cada voluntario se convierte en un pilar fundamental del cambio que buscamos construir.<\/p><p class=\"\" style=\"text-align: justify;\" data-start=\"460\" data-end=\"839\">Al unirte como voluntario, te conviertes en parte activa de una comunidad que cree en la empat\u00eda, la acci\u00f3n y el amor al pr\u00f3jimo. No necesitas tener experiencia previa, solo las ganas de ayudar y el deseo sincero de marcar una diferencia. Ya sea colaborando en actividades, apoyando eventos, compartiendo tus habilidades o simplemente escuchando, cada gesto cuenta y deja huella.<\/p><p class=\"\" style=\"text-align: justify;\" data-start=\"841\" data-end=\"1061\">Nuestro equipo de voluntariado es diverso, comprometido y lleno de coraz\u00f3n. Aqu\u00ed encontrar\u00e1s un espacio donde puedes crecer, aprender y conectarte con otras personas que, como t\u00fa, creen en un mundo m\u00e1s justo y solidario.<\/p>\t\t\t\t\t\t\t\t<\/div>\n\t\t\t\t<\/div>\n\t\t\t\t<div class=\"elementor-element elementor-element-282dcce elementor-widget elementor-widget-gva-team\" data-id=\"282dcce\" data-element_type=\"widget\" data-e-type=\"widget\" data-widget_type=\"gva-team.default\">\n\t\t\t\t<div class=\"elementor-widget-container\">\n\t\t\t\t\t<div class=\"gva-element-gva-team gva-element\">\r\n<div class=\"swiper-slider-wrapper gsc-team layout-carousel \">\r\n   <div class=\"swiper-content-inner\">   \r\n      <div class=\"init-carousel-swiper swiper\" data-carousel=\"{&quot;items&quot;:3,&quot;items_lg&quot;:3,&quot;items_md&quot;:3,&quot;items_sm&quot;:2,&quot;items_xs&quot;:1,&quot;items_xx&quot;:1,&quot;effect&quot;:&quot;slide&quot;,&quot;space_between&quot;:30,&quot;loop&quot;:1,&quot;speed&quot;:600,&quot;autoplay&quot;:1,&quot;autoplay_delay&quot;:4500,&quot;autoplay_hover&quot;:1,&quot;navigation&quot;:1,&quot;pagination&quot;:0,&quot;dynamic_bullets&quot;:0,&quot;pagination_type&quot;:&quot;bullets&quot;}\">\r\n         <div class=\"swiper-wrapper\">\r\n                           <div class=\"swiper-slide\">\r\n                  \r\n\t<div class=\"gsc-team-item style-1 elementor-repeater-item-90a38fb\">\r\n\t\t\r\n\t\t<div class=\"team-content\">\r\n\t\t\t<div class=\"content-inner\">\r\n\t\t\t\t<h3 class=\"team-name\">Apoyo<\/h3><div class=\"team-job\">social<\/div>\t\t\t<\/div>   \r\n\t\t<\/div>\r\n\r\n\t\t<div class=\"team-image\"><img decoding=\"async\" src=\"https:\/\/ntservicios.com\/raices\/wp-content\/uploads\/2025\/04\/team-1-22345.jpg\" alt=\"\" \/><\/div>\t\r\n\t\t\r\n\t\t<div class=\"socials-team\">\r\n\t\t\t\t\t  <a href=\"#\">\r\n\t\t\t <i class=\"fa fa-facebook\"><\/i>\t\t  <\/a>\r\n\t\t  \t\t\t\t\t  <a href=\"#\">\r\n\t\t\t <i class=\"fa fa-twitter\"><\/i>\t\t  <\/a>\r\n\t\t  \t\t\t\t\t  <a href=\"#\">\r\n\t\t\t <i class=\"fa fa-instagram\"><\/i>\t\t  <\/a>\r\n\t\t  \t\t\t\t\t<\/div>\r\n\r\n\t<\/div>\t\t\r\n\r\n               <\/div>\r\n                           <div class=\"swiper-slide\">\r\n                  \r\n\t<div class=\"gsc-team-item style-1 elementor-repeater-item-827e1da\">\r\n\t\t\r\n\t\t<div class=\"team-content\">\r\n\t\t\t<div class=\"content-inner\">\r\n\t\t\t\t<h3 class=\"team-name\">Eventos<\/h3><div class=\"team-job\">Comunicaci\u00f3n<\/div>\t\t\t<\/div>   \r\n\t\t<\/div>\r\n\r\n\t\t<div class=\"team-image\"><img decoding=\"async\" src=\"https:\/\/ntservicios.com\/raices\/wp-content\/uploads\/2025\/04\/team-1-3456.jpg\" alt=\"\" \/><\/div>\t\r\n\t\t\r\n\t\t<div class=\"socials-team\">\r\n\t\t\t\t\t  <a href=\"#\">\r\n\t\t\t <i class=\"fa fa-facebook\"><\/i>\t\t  <\/a>\r\n\t\t  \t\t\t\t\t  <a href=\"#\">\r\n\t\t\t <i class=\"fa fa-twitter\"><\/i>\t\t  <\/a>\r\n\t\t  \t\t\t\t\t  <a href=\"#\">\r\n\t\t\t <i class=\"fa fa-instagram\"><\/i>\t\t  <\/a>\r\n\t\t  \t\t\t\t\t<\/div>\r\n\r\n\t<\/div>\t\t\r\n\r\n               <\/div>\r\n                           <div class=\"swiper-slide\">\r\n                  \r\n\t<div class=\"gsc-team-item style-1 elementor-repeater-item-2985c07\">\r\n\t\t\r\n\t\t<div class=\"team-content\">\r\n\t\t\t<div class=\"content-inner\">\r\n\t\t\t\t<h3 class=\"team-name\">Log\u00edstica<\/h3><div class=\"team-job\">social<\/div>\t\t\t<\/div>   \r\n\t\t<\/div>\r\n\r\n\t\t<div class=\"team-image\"><img decoding=\"async\" src=\"https:\/\/ntservicios.com\/raices\/wp-content\/uploads\/2025\/04\/team-1-9774.jpg\" alt=\"\" \/><\/div>\t\r\n\t\t\r\n\t\t<div class=\"socials-team\">\r\n\t\t\t\t\t  <a href=\"#\">\r\n\t\t\t <i class=\"fa fa-facebook\"><\/i>\t\t  <\/a>\r\n\t\t  \t\t\t\t\t  <a href=\"#\">\r\n\t\t\t <i class=\"fa fa-twitter\"><\/i>\t\t  <\/a>\r\n\t\t  \t\t\t\t\t  <a href=\"#\">\r\n\t\t\t <i class=\"fa fa-instagram\"><\/i>\t\t  <\/a>\r\n\t\t  \t\t\t\t\t<\/div>\r\n\r\n\t<\/div>\t\t\r\n\r\n               <\/div>\r\n                           <div class=\"swiper-slide\">\r\n                  \r\n\t<div class=\"gsc-team-item style-1 elementor-repeater-item-72c83bb\">\r\n\t\t\r\n\t\t<div class=\"team-content\">\r\n\t\t\t<div class=\"content-inner\">\r\n\t\t\t\t<h3 class=\"team-name\">Repartiendo<\/h3><div class=\"team-job\">Alegr\u00eda<\/div>\t\t\t<\/div>   \r\n\t\t<\/div>\r\n\r\n\t\t<div class=\"team-image\"><img decoding=\"async\" src=\"https:\/\/ntservicios.com\/raices\/wp-content\/uploads\/2025\/04\/team-1865.jpg\" alt=\"\" \/><\/div>\t\r\n\t\t\r\n\t\t<div class=\"socials-team\">\r\n\t\t\t\t\t  <a href=\"#\">\r\n\t\t\t <i class=\"fa fa-facebook\"><\/i>\t\t  <\/a>\r\n\t\t  \t\t\t\t\t  <a href=\"#\">\r\n\t\t\t <i class=\"fa fa-twitter\"><\/i>\t\t  <\/a>\r\n\t\t  \t\t\t\t\t  <a href=\"#\">\r\n\t\t\t <i class=\"fa fa-instagram\"><\/i>\t\t  <\/a>\r\n\t\t  \t\t\t\t\t<\/div>\r\n\r\n\t<\/div>\t\t\r\n\r\n               <\/div>\r\n                     <\/div> \r\n      <\/div>\r\n   <\/div>   \r\n   <div class=\"swiper-pagination\"><\/div>   <div class=\"swiper-nav-next\"><\/div><div class=\"swiper-nav-prev\"><\/div><\/div>\r\n<\/div>\t\t\t\t<\/div>\n\t\t\t\t<\/div>\n\t\t\t\t\t<\/div>\n\t\t<\/div>\n\t\t\t\t\t<\/div>\n\t\t<\/section>\n\t\t\t\t<section class=\"elementor-section elementor-top-section elementor-element elementor-element-9e99af5 elementor-section-boxed elementor-section-height-default elementor-section-height-default\" data-id=\"9e99af5\" data-element_type=\"section\" data-e-type=\"section\" data-settings=\"{&quot;background_background&quot;:&quot;classic&quot;}\">\n\t\t\t\t\t\t<div class=\"elementor-container elementor-column-gap-default\">\n\t\t\t\t\t<div class=\"elementor-column elementor-col-50 elementor-top-column elementor-element elementor-element-d6dad17\" data-id=\"d6dad17\" data-element_type=\"column\" data-e-type=\"column\">\n\t\t\t<div class=\"elementor-widget-wrap elementor-element-populated\">\n\t\t\t\t\t\t<div class=\"elementor-element elementor-element-8d7ef78 elementor-widget elementor-widget-gva-heading-block\" data-id=\"8d7ef78\" data-element_type=\"widget\" data-e-type=\"widget\" data-widget_type=\"gva-heading-block.default\">\n\t\t\t\t<div class=\"elementor-widget-container\">\n\t\t\t\t\t<div class=\"gva-element-gva-heading-block gva-element\">   <div class=\"align-left style-1 widget gsc-heading box-align-left auto-responsive\">\r\n      <div class=\"content-inner\">\r\n         \r\n                  \r\n         <div class=\"sub-title\"><span class=\"tagline\">Nuestros comentarios<\/span><\/div>  \r\n         \r\n                     <h2 class=\"title\">\r\n               <span>La opini\u00f3n en redes sociales es importante<\/span>\r\n            <\/h2>\r\n                  \r\n         \r\n                     <div class=\"heading-action\">\r\n               \t\t  <a href=\"https:\/\/www.facebook.com\/profile.php?id=61570241648962\" class=\"btn-cta btn-black \">\r\n\t\t\t <span>Dejanos una comentario<\/span>\r\n\t\t  <\/a>\r\n\r\n\t\t              <\/div>\r\n         \r\n      <\/div>\r\n   <\/div>\r\n<\/div>\t\t\t\t<\/div>\n\t\t\t\t<\/div>\n\t\t\t\t\t<\/div>\n\t\t<\/div>\n\t\t\t\t<div class=\"elementor-column elementor-col-50 elementor-top-column elementor-element elementor-element-9c9bf78\" data-id=\"9c9bf78\" data-element_type=\"column\" data-e-type=\"column\">\n\t\t\t<div class=\"elementor-widget-wrap elementor-element-populated\">\n\t\t\t\t\t\t<div class=\"elementor-element elementor-element-ac5f937 elementor-widget elementor-widget-gva-testimonials\" data-id=\"ac5f937\" data-element_type=\"widget\" data-e-type=\"widget\" data-widget_type=\"gva-testimonials.default\">\n\t\t\t\t<div class=\"elementor-widget-container\">\n\t\t\t\t\t<div class=\"gva-element-gva-testimonials gva-element\">\r\n<div class=\"gsc-testimonial layout-carousel swiper-slider-wrapper style-1 \">\r\n   <div class=\"swiper-content-inner\">\r\n      <div class=\"init-carousel-swiper swiper col-1\" data-carousel=\"{&quot;items&quot;:1,&quot;items_lg&quot;:1,&quot;items_md&quot;:1,&quot;items_sm&quot;:1,&quot;items_xs&quot;:1,&quot;items_xx&quot;:1,&quot;effect&quot;:&quot;slide&quot;,&quot;space_between&quot;:30,&quot;loop&quot;:1,&quot;speed&quot;:600,&quot;autoplay&quot;:1,&quot;autoplay_delay&quot;:4500,&quot;autoplay_hover&quot;:1,&quot;navigation&quot;:0,&quot;pagination&quot;:0,&quot;dynamic_bullets&quot;:0,&quot;pagination_type&quot;:&quot;bullets&quot;}\">\r\n         <div class=\"swiper-wrapper\">\r\n                           <div class=\"swiper-slide\">\r\n                 <div class=\"testimonial-item style-1 elementor-repeater-item-5957b47\">\r\n   \r\n         <div class=\"testimonial-content\">\r\n         <div class=\"testimonial-quote\">\"Ser voluntario aqu\u00ed cambi\u00f3 mi perspectiva. No solo ayud\u00e9 a los dem\u00e1s, tambi\u00e9n descubr\u00ed una parte de m\u00ed que no conoc\u00eda. \u00a1Gracias por esta oportunidad!\"<\/div>\r\n         <div class=\"testimonial-meta\">\r\n            <div class=\"testimonial-image\"><img decoding=\"async\"  src=\"https:\/\/ntservicios.com\/raices\/wp-content\/uploads\/2025\/04\/469328362_9085932794803131_691551816343315007_n.jpg\" alt=\"Wilbert\" \/><\/div>            <div class=\"testimonial-information\">\r\n               <span class=\"testimonial-name\">Wilbert<\/span>\r\n               <span class=\"testimonial-job\">Ambientalista<\/span>\r\n            <\/div>\r\n            <span class=\"quote-icon\"><i class=\"micon-quotes\"><\/i><\/span>\r\n         <\/div>\r\n      <\/div>   \r\n     \r\n\r\n     \r\n\r\n   \r\n<\/div>\r\n\r\n               <\/div>\r\n                           <div class=\"swiper-slide\">\r\n                 <div class=\"testimonial-item style-1 elementor-repeater-item-f377c9a\">\r\n   \r\n         <div class=\"testimonial-content\">\r\n         <div class=\"testimonial-quote\">\"Me sent\u00ed parte de una gran familia desde el primer d\u00eda. Todo est\u00e1 bien organizado y el impacto que se genera es real y profundo.\"<\/div>\r\n         <div class=\"testimonial-meta\">\r\n            <div class=\"testimonial-image\"><img decoding=\"async\"  src=\"https:\/\/ntservicios.com\/raices\/wp-content\/uploads\/2025\/04\/489244438_1216122986825195_1379690840212112116_n.jpg\" alt=\"Ximena Hern\u00e1ndez\" \/><\/div>            <div class=\"testimonial-information\">\r\n               <span class=\"testimonial-name\">Ximena Hern\u00e1ndez<\/span>\r\n               <span class=\"testimonial-job\">Voluntaria<\/span>\r\n            <\/div>\r\n            <span class=\"quote-icon\"><i class=\"micon-quotes\"><\/i><\/span>\r\n         <\/div>\r\n      <\/div>   \r\n     \r\n\r\n     \r\n\r\n   \r\n<\/div>\r\n\r\n               <\/div>\r\n                           <div class=\"swiper-slide\">\r\n                 <div class=\"testimonial-item style-1 elementor-repeater-item-a65f4c1\">\r\n   \r\n         <div class=\"testimonial-content\">\r\n         <div class=\"testimonial-quote\">\"Una experiencia \u00fanica que me llen\u00f3 el coraz\u00f3n. Volver\u00eda una y mil veces a ser voluntario con ustedes.\"<\/div>\r\n         <div class=\"testimonial-meta\">\r\n            <div class=\"testimonial-image\"><img decoding=\"async\"  src=\"https:\/\/ntservicios.com\/raices\/wp-content\/uploads\/2025\/04\/468627384_9280215168669914_4322368478034859824_n.jpg\" alt=\"Eduardo Aguirre\" \/><\/div>            <div class=\"testimonial-information\">\r\n               <span class=\"testimonial-name\">Eduardo Aguirre<\/span>\r\n               <span class=\"testimonial-job\">Empresario<\/span>\r\n            <\/div>\r\n            <span class=\"quote-icon\"><i class=\"micon-quotes\"><\/i><\/span>\r\n         <\/div>\r\n      <\/div>   \r\n     \r\n\r\n     \r\n\r\n   \r\n<\/div>\r\n\r\n               <\/div>\r\n                     <\/div>\r\n      <\/div>\r\n   <\/div>   \r\n   <div class=\"swiper-pagination\"><\/div>   <\/div>\r\n<\/div>\t\t\t\t<\/div>\n\t\t\t\t<\/div>\n\t\t\t\t\t<\/div>\n\t\t<\/div>\n\t\t\t\t\t<\/div>\n\t\t<\/section>\n\t\t\t\t<section class=\"elementor-section elementor-top-section elementor-element elementor-element-2547d9a elementor-section-boxed elementor-section-height-default elementor-section-height-default\" data-id=\"2547d9a\" data-element_type=\"section\" data-e-type=\"section\" data-settings=\"{&quot;background_background&quot;:&quot;classic&quot;}\">\n\t\t\t\t\t\t<div class=\"elementor-container elementor-column-gap-default\">\n\t\t\t\t\t<div class=\"elementor-column elementor-col-100 elementor-top-column elementor-element elementor-element-325c1a6\" data-id=\"325c1a6\" data-element_type=\"column\" data-e-type=\"column\">\n\t\t\t<div class=\"elementor-widget-wrap elementor-element-populated\">\n\t\t\t\t\t\t<section class=\"elementor-section elementor-inner-section elementor-element elementor-element-c8626db elementor-section-boxed elementor-section-height-default elementor-section-height-default\" data-id=\"c8626db\" data-element_type=\"section\" data-e-type=\"section\" data-settings=\"{&quot;background_background&quot;:&quot;classic&quot;}\">\n\t\t\t\t\t\t\t<div class=\"elementor-background-overlay\"><\/div>\n\t\t\t\t\t\t\t<div class=\"elementor-container elementor-column-gap-default\">\n\t\t\t\t\t<div class=\"elementor-column elementor-col-50 elementor-inner-column elementor-element elementor-element-3b4bc38\" data-id=\"3b4bc38\" data-element_type=\"column\" data-e-type=\"column\">\n\t\t\t<div class=\"elementor-widget-wrap elementor-element-populated\">\n\t\t\t\t\t\t<div class=\"elementor-element elementor-element-9c4daad elementor-widget elementor-widget-gva-heading-block\" data-id=\"9c4daad\" data-element_type=\"widget\" data-e-type=\"widget\" data-widget_type=\"gva-heading-block.default\">\n\t\t\t\t<div class=\"elementor-widget-container\">\n\t\t\t\t\t<div class=\"gva-element-gva-heading-block gva-element\">   <div class=\"align-left style-1 widget gsc-heading box-align-left auto-responsive\">\r\n      <div class=\"content-inner\">\r\n         \r\n                     <div class=\"heading-video\">\r\n               <a class=\"video-link popup-video\" href=\"#\">\r\n                  <i class=\"fa fa-play\"><\/i>\r\n                  <span class=\"arrow\"><\/span>\r\n               <\/a>\r\n            <\/div>\r\n                  \r\n           \r\n         \r\n                     <h2 class=\"title\">\r\n               <span>S\u00e9 un voluntario y vive la experiencia.<\/span>\r\n            <\/h2>\r\n                  \r\n         \r\n         \r\n      <\/div>\r\n   <\/div>\r\n<\/div>\t\t\t\t<\/div>\n\t\t\t\t<\/div>\n\t\t\t\t<div class=\"elementor-element elementor-element-778bc5a elementor-icon-list--layout-traditional elementor-list-item-link-full_width elementor-widget elementor-widget-icon-list\" data-id=\"778bc5a\" data-element_type=\"widget\" data-e-type=\"widget\" data-widget_type=\"icon-list.default\">\n\t\t\t\t<div class=\"elementor-widget-container\">\n\t\t\t\t\t\t\t<ul class=\"elementor-icon-list-items\">\n\t\t\t\t\t\t\t<li class=\"elementor-icon-list-item\">\n\t\t\t\t\t\t\t\t\t\t\t<span class=\"elementor-icon-list-icon\">\n\t\t\t\t\t\t\t<i aria-hidden=\"true\" class=\"fas fa-check-circle\"><\/i>\t\t\t\t\t\t<\/span>\n\t\t\t\t\t\t\t\t\t\t<span class=\"elementor-icon-list-text\">Impacto real y humano<\/span>\n\t\t\t\t\t\t\t\t\t<\/li>\n\t\t\t\t\t\t\t\t<li class=\"elementor-icon-list-item\">\n\t\t\t\t\t\t\t\t\t\t\t<span class=\"elementor-icon-list-icon\">\n\t\t\t\t\t\t\t<i aria-hidden=\"true\" class=\"fas fa-check-circle\"><\/i>\t\t\t\t\t\t<\/span>\n\t\t\t\t\t\t\t\t\t\t<span class=\"elementor-icon-list-text\">Crecimiento personal y conexi\u00f3n<\/span>\n\t\t\t\t\t\t\t\t\t<\/li>\n\t\t\t\t\t\t\t\t<li class=\"elementor-icon-list-item\">\n\t\t\t\t\t\t\t\t\t\t\t<span class=\"elementor-icon-list-icon\">\n\t\t\t\t\t\t\t<i aria-hidden=\"true\" class=\"fas fa-check-circle\"><\/i>\t\t\t\t\t\t<\/span>\n\t\t\t\t\t\t\t\t\t\t<span class=\"elementor-icon-list-text\">Flexibilidad y apoyo constante<\/span>\n\t\t\t\t\t\t\t\t\t<\/li>\n\t\t\t\t\t\t<\/ul>\n\t\t\t\t\t\t<\/div>\n\t\t\t\t<\/div>\n\t\t\t\t\t<\/div>\n\t\t<\/div>\n\t\t\t\t<div class=\"elementor-column elementor-col-50 elementor-inner-column elementor-element elementor-element-c630805\" data-id=\"c630805\" data-element_type=\"column\" data-e-type=\"column\">\n\t\t\t<div class=\"elementor-widget-wrap elementor-element-populated\">\n\t\t\t\t\t\t<div class=\"elementor-element elementor-element-20006d2 elementor-widget elementor-widget-shortcode\" data-id=\"20006d2\" data-element_type=\"widget\" data-e-type=\"widget\" data-widget_type=\"shortcode.default\">\n\t\t\t\t<div class=\"elementor-widget-container\">\n\t\t\t\t\t\t\t<div class=\"elementor-shortcode\">\n<div class=\"wpcf7 no-js\" id=\"wpcf7-f7-o1\" lang=\"en-US\" dir=\"ltr\" data-wpcf7-id=\"7\">\n<div class=\"screen-reader-response\"><p role=\"status\" aria-live=\"polite\" aria-atomic=\"true\"><\/p> <ul><\/ul><\/div>\n<form action=\"\/raices\/index.php\/wp-json\/wp\/v2\/pages\/216#wpcf7-f7-o1\" method=\"post\" class=\"wpcf7-form init\" aria-label=\"Contact form\" novalidate=\"novalidate\" data-status=\"init\">\n<fieldset class=\"hidden-fields-container\"><input type=\"hidden\" name=\"_wpcf7\" value=\"7\" \/><input type=\"hidden\" name=\"_wpcf7_version\" value=\"6.1.5\" \/><input type=\"hidden\" name=\"_wpcf7_locale\" value=\"en_US\" \/><input type=\"hidden\" name=\"_wpcf7_unit_tag\" value=\"wpcf7-f7-o1\" \/><input type=\"hidden\" name=\"_wpcf7_container_post\" value=\"0\" \/><input type=\"hidden\" name=\"_wpcf7_posted_data_hash\" value=\"\" \/>\n<\/fieldset>\n<div class=\"row\">\n   <div class=\"col-sm-6 col-xs-12\">\n     <span class=\"wpcf7-form-control-wrap\" data-name=\"your-name\"><input size=\"40\" maxlength=\"400\" class=\"wpcf7-form-control wpcf7-text wpcf7-validates-as-required\" aria-required=\"true\" aria-invalid=\"false\" placeholder=\"Nombre\" value=\"\" type=\"text\" name=\"your-name\" \/><\/span>\n   <\/div>\n   <div class=\"col-sm-6 col-xs-12\">\n     <span class=\"wpcf7-form-control-wrap\" data-name=\"your-phone\"><input size=\"40\" maxlength=\"400\" class=\"wpcf7-form-control wpcf7-text wpcf7-validates-as-required\" aria-required=\"true\" aria-invalid=\"false\" placeholder=\"Celular\" value=\"\" type=\"text\" name=\"your-phone\" \/><\/span>\n   <\/div>\n<\/div>\n<div class=\"row\">\n   <div class=\"col-sm-6 col-xs-12\">\n      <span class=\"wpcf7-form-control-wrap\" data-name=\"your-email\"><input size=\"40\" maxlength=\"400\" class=\"wpcf7-form-control wpcf7-email wpcf7-validates-as-required wpcf7-text wpcf7-validates-as-email\" aria-required=\"true\" aria-invalid=\"false\" placeholder=\"Email\" value=\"\" type=\"email\" name=\"your-email\" \/><\/span>\n   <\/div>\n   <div class=\"col-sm-6 col-xs-12\">\n      <span class=\"wpcf7-form-control-wrap\" data-name=\"your-subject\"><input size=\"40\" maxlength=\"400\" class=\"wpcf7-form-control wpcf7-text\" aria-invalid=\"false\" placeholder=\"Asunto\" value=\"\" type=\"text\" name=\"your-subject\" \/><\/span>\n   <\/div>\n<\/div>\n<div class=\"row\">\n   <div class=\"col-sm-12 col-xs-12\">\n      <span class=\"wpcf7-form-control-wrap\" data-name=\"your-message\"><textarea cols=\"40\" rows=\"10\" maxlength=\"2000\" class=\"wpcf7-form-control wpcf7-textarea\" aria-invalid=\"false\" placeholder=\"Mensaje\" name=\"your-message\"><\/textarea><\/span>\n   <\/div>\n   <div class=\"col-sm-12 col-xs-12 action text-left\"><span class=\"form-action\"><input class=\"wpcf7-form-control wpcf7-submit has-spinner\" type=\"submit\" value=\"Enviar Mensaje\" \/><\/span><\/div>\n<\/div><div class=\"wpcf7-response-output\" aria-hidden=\"true\"><\/div>\n<\/form>\n<\/div>\n<\/div>\n\t\t\t\t\t\t<\/div>\n\t\t\t\t<\/div>\n\t\t\t\t\t<\/div>\n\t\t<\/div>\n\t\t\t\t\t<\/div>\n\t\t<\/section>\n\t\t\t\t\t<\/div>\n\t\t<\/div>\n\t\t\t\t\t<\/div>\n\t\t<\/section>\n\t\t\t\t<\/div>\n\t\t","protected":false},"excerpt":{"rendered":"<p>S\u00e9 voluntario Tu tiempo y dedicaci\u00f3n generan un cambio tangible en la vida de personas y comunidades que lo necesitan. Listo para ayudar Unete a nuestro equipo Ser voluntario es [&hellip;]<\/p>\n","protected":false},"author":2,"featured_media":0,"parent":0,"menu_order":0,"comment_status":"closed","ping_status":"closed","template":"","meta":{"give_campaign_id":0,"footnotes":""},"class_list":["post-216","page","type-page","status-publish","hentry"],"campaignId":"","_links":{"self":[{"href":"https:\/\/ntservicios.com\/raices\/index.php\/wp-json\/wp\/v2\/pages\/216","targetHints":{"allow":["GET"]}}],"collection":[{"href":"https:\/\/ntservicios.com\/raices\/index.php\/wp-json\/wp\/v2\/pages"}],"about":[{"href":"https:\/\/ntservicios.com\/raices\/index.php\/wp-json\/wp\/v2\/types\/page"}],"author":[{"embeddable":true,"href":"https:\/\/ntservicios.com\/raices\/index.php\/wp-json\/wp\/v2\/users\/2"}],"replies":[{"embeddable":true,"href":"https:\/\/ntservicios.com\/raices\/index.php\/wp-json\/wp\/v2\/comments?post=216"}],"version-history":[{"count":25,"href":"https:\/\/ntservicios.com\/raices\/index.php\/wp-json\/wp\/v2\/pages\/216\/revisions"}],"predecessor-version":[{"id":1891,"href":"https:\/\/ntservicios.com\/raices\/index.php\/wp-json\/wp\/v2\/pages\/216\/revisions\/1891"}],"wp:attachment":[{"href":"https:\/\/ntservicios.com\/raices\/index.php\/wp-json\/wp\/v2\/media?parent=216"}],"curies":[{"name":"wp","href":"https:\/\/api.w.org\/{rel}","templated":true}]}}